{"id":177,"date":"2024-11-26T12:21:21","date_gmt":"2024-11-26T11:21:21","guid":{"rendered":"https:\/\/www.morelguichard.com\/?page_id=177"},"modified":"2024-12-05T16:11:32","modified_gmt":"2024-12-05T15:11:32","slug":"lequipe-2","status":"publish","type":"page","link":"https:\/\/www.morelguichard.com\/index.php\/lequipe-2\/","title":{"rendered":"L&rsquo;EQUIPE"},"content":{"rendered":"\n<p class=\"has-text-align-center\">STEPHAN MOREL<\/p>\n\n\n\n<p class=\"has-text-align-center\">St\u00e9phan incarne l\u2019esprit d\u2019<strong>entrepreneuriat<\/strong> avec plusieurs ann\u00e9es d&rsquo;exp\u00e9rience \u00e0 la t\u00eate de diverses entreprises dans des secteurs vari\u00e9s. Son parcours riche et diversifi\u00e9 lui conf\u00e8re une <strong>expertise<\/strong> approfondie, lui permettant de naviguer avec <strong>succ\u00e8s<\/strong> \u00e0 travers les d\u00e9fis et les <strong>opportunit\u00e9s<\/strong> que pr\u00e9sente chaque domaine.<\/p>\n\n\n\n<p class=\"has-text-align-center\">Gr\u00e2ce \u00e0 son exp\u00e9rience de <strong>gestionnaire <\/strong>averti,&nbsp;Stephan&nbsp;a su d\u00e9velopper des <strong>solutions novatrices<\/strong> et sur mesure pour accompagner les entreprises dans leur croissance et leur transformation. Sa capacit\u00e9 \u00e0 comprendre les besoins uniques de ses clients, combin\u00e9e \u00e0 une<strong> vision strat\u00e9gique claire<\/strong>, lui permet de proposer des <strong>conseils pertinents<\/strong> pour <strong>maximiser la rentabilit\u00e9 et la p\u00e9rennit\u00e9 des projets <\/strong>qu\u2019il supervise.<\/p>\n\n\n\n<p><\/p>\n\n\n\n<hr class=\"wp-block-separator has-alpha-channel-opacity is-style-wide\"\/>\n\n\n\n<figure class=\"wp-block-gallery has-nested-images columns-default is-cropped wp-block-gallery-2 is-layout-flex wp-block-gallery-is-layout-flex\">\n<figure class=\"wp-block-image size-large is-style-rounded wp-duotone-unset-1\"><img fetchpriority=\"high\" decoding=\"async\" width=\"683\" height=\"1024\" data-id=\"210\" src=\"https:\/\/www.morelguichard.com\/wp-content\/uploads\/2024\/12\/IMG_9303-683x1024.jpg\" alt=\"\" class=\"wp-image-210\" srcset=\"https:\/\/www.morelguichard.com\/wp-content\/uploads\/2024\/12\/IMG_9303-683x1024.jpg 683w, https:\/\/www.morelguichard.com\/wp-content\/uploads\/2024\/12\/IMG_9303-200x300.jpg 200w, https:\/\/www.morelguichard.com\/wp-content\/uploads\/2024\/12\/IMG_9303-768x1152.jpg 768w, https:\/\/www.morelguichard.com\/wp-content\/uploads\/2024\/12\/IMG_9303-1024x1536.jpg 1024w, https:\/\/www.morelguichard.com\/wp-content\/uploads\/2024\/12\/IMG_9303-500x750.jpg 500w, https:\/\/www.morelguichard.com\/wp-content\/uploads\/2024\/12\/IMG_9303-800x1200.jpg 800w, https:\/\/www.morelguichard.com\/wp-content\/uploads\/2024\/12\/IMG_9303-1280x1920.jpg 1280w, https:\/\/www.morelguichard.com\/wp-content\/uploads\/2024\/12\/IMG_9303.jpg 1365w\" sizes=\"(max-width: 683px) 100vw, 683px\" \/><\/figure>\n<\/figure>\n\n\n\n<p class=\"has-text-align-center\">NICOLAS MOREL <\/p>\n\n\n\n<p class=\"has-text-align-center\">Nicolas incarne l\u2019excellence dans le domaine de la <strong>gestion de patrimoine<\/strong>, fort de<br>plusieurs ann\u00e9es d&rsquo;<strong>exp\u00e9rience<\/strong> au <strong>service<\/strong> d&rsquo;une client\u00e8le prestigieuse \u00e0 travers toute la France.<br>Son approche raffin\u00e9e et personnalis\u00e9e lui permet de comprendre en profondeur les aspirations de ses clients, afin de leur offrir des<strong> solutions sur mesure<\/strong> qui maximisent la valorisation de leurs actifs. En tant qu&rsquo;expert en <strong>protection sociale pour chefs d&rsquo;entreprise<\/strong>, Nicolas veille \u00e0 garantir une <strong>s\u00e9curit\u00e9 financi\u00e8re p\u00e9renne<\/strong>, essentielle dans un monde en constante \u00e9volution. Avec une \u00e9coute attentive et un sens aig\u00fc de l&rsquo;analyse, il forge des <strong>relations de confiance durables<\/strong>. Pour Nicolas, chaque interaction est une chance d&rsquo;accompagner ses clients vers un <strong>avenir patrimonial <\/strong>serein et prosp\u00e8re.<\/p>\n\n\n\n<p class=\"has-text-align-center\">Contactez Nicolas : nmorel@morelguichard.com<\/p>\n\n\n\n<hr class=\"wp-block-separator has-alpha-channel-opacity is-style-wide\"\/>\n\n\n\n<figure class=\"wp-block-gallery has-nested-images columns-default is-cropped wp-block-gallery-3 is-layout-flex wp-block-gallery-is-layout-flex\">\n<figure class=\"wp-block-image size-full is-style-rounded\"><img decoding=\"async\" width=\"1365\" height=\"2048\" data-id=\"211\" src=\"https:\/\/www.morelguichard.com\/wp-content\/uploads\/2024\/12\/IMG_9350.jpg\" alt=\"\" class=\"wp-image-211\" srcset=\"https:\/\/www.morelguichard.com\/wp-content\/uploads\/2024\/12\/IMG_9350.jpg 1365w, https:\/\/www.morelguichard.com\/wp-content\/uploads\/2024\/12\/IMG_9350-200x300.jpg 200w, https:\/\/www.morelguichard.com\/wp-content\/uploads\/2024\/12\/IMG_9350-683x1024.jpg 683w, https:\/\/www.morelguichard.com\/wp-content\/uploads\/2024\/12\/IMG_9350-768x1152.jpg 768w, https:\/\/www.morelguichard.com\/wp-content\/uploads\/2024\/12\/IMG_9350-1024x1536.jpg 1024w, https:\/\/www.morelguichard.com\/wp-content\/uploads\/2024\/12\/IMG_9350-500x750.jpg 500w, https:\/\/www.morelguichard.com\/wp-content\/uploads\/2024\/12\/IMG_9350-800x1200.jpg 800w, https:\/\/www.morelguichard.com\/wp-content\/uploads\/2024\/12\/IMG_9350-1280x1920.jpg 1280w\" sizes=\"(max-width: 767px) 89vw, (max-width: 1000px) 54vw, (max-width: 1071px) 543px, 580px\" \/><\/figure>\n<\/figure>\n\n\n\n<p class=\"has-text-align-center\">FRANCISCO GUICHARD<\/p>\n\n\n\n<p class=\"has-text-align-center\">Francisco est un professionnel aguerri, fort de 20 ans d\u2019exp\u00e9rience en<strong> commerce international<\/strong>, ayant \u00e9volu\u00e9 dans des secteurs aussi vari\u00e9s que la mode, l\u2019hospitalit\u00e9, la restauration et l\u2019immobilier. Sa carri\u00e8re, empreinte d&rsquo;une <strong>vision globale<\/strong>, lui a permis de<strong> ma\u00eetriser les dynamiques de march\u00e9s complexes<\/strong>, aussi bien en <strong>Espagne <\/strong>qu&rsquo;en France, o\u00f9 il r\u00e9side depuis 15 ans, ou encore en Am\u00e9rique Latine et les EE.UU .<\/p>\n\n\n\n<p class=\"has-text-align-center\">Sa <strong>double culture <\/strong>et son <strong>expertise <\/strong>lui conf\u00e8rent une <strong>capacit\u00e9 unique \u00e0 anticiper<\/strong> les tendances et \u00e0<strong> identifier des opportunit\u00e9s d&rsquo;investissement<\/strong>. Que ce soit pour des investissements fonciers ou des projets de d\u00e9veloppement, Francisco allie finesse d\u2019analyse et savoir-faire en <strong>n\u00e9gociation internationale<\/strong> pour accompagner nos clients vers des d\u00e9cisions \u00e9clair\u00e9es. Chez Morel Guichard, il incarne l\u2019alliance parfaite entre <strong>exp\u00e9rience, vision strat\u00e9gique et engagement.<\/strong><\/p>\n\n\n\n<p class=\"has-text-align-center\">Contactez Francisco : fguichard@morelguichard.com<\/p>\n","protected":false},"excerpt":{"rendered":"<p>STEPHAN MOREL St\u00e9phan incarne l\u2019esprit d\u2019entrepreneuriat avec plusieurs ann\u00e9es d&rsquo;exp\u00e9rience \u00e0 la t\u00eate de diverses entreprises dans des secteurs vari\u00e9s. Son parcours riche et diversifi\u00e9 lui conf\u00e8re une expertise approfondie, lui permettant de naviguer avec succ\u00e8s \u00e0 travers les d\u00e9fis et les opportunit\u00e9s que pr\u00e9sente chaque domaine. Gr\u00e2ce \u00e0 son exp\u00e9rience de gestionnaire averti,&nbsp;Stephan&nbsp;a su &hellip; <\/p>\n<p class=\"link-more\"><a href=\"https:\/\/www.morelguichard.com\/index.php\/lequipe-2\/\" class=\"more-link\">Continuer la lecture<span class=\"screen-reader-text\"> de &laquo;&nbsp;L&rsquo;EQUIPE&nbsp;&raquo;<\/span><\/a><\/p>\n","protected":false},"author":1,"featured_media":0,"parent":0,"menu_order":0,"comment_status":"closed","ping_status":"closed","template":"","meta":{"_vp_format_video_url":"","_vp_image_focal_point":[],"footnotes":""},"class_list":["post-177","page","type-page","status-publish","hentry"],"_links":{"self":[{"href":"https:\/\/www.morelguichard.com\/index.php\/wp-json\/wp\/v2\/pages\/177","targetHints":{"allow":["GET"]}}],"collection":[{"href":"https:\/\/www.morelguichard.com\/index.php\/wp-json\/wp\/v2\/pages"}],"about":[{"href":"https:\/\/www.morelguichard.com\/index.php\/wp-json\/wp\/v2\/types\/page"}],"author":[{"embeddable":true,"href":"https:\/\/www.morelguichard.com\/index.php\/wp-json\/wp\/v2\/users\/1"}],"replies":[{"embeddable":true,"href":"https:\/\/www.morelguichard.com\/index.php\/wp-json\/wp\/v2\/comments?post=177"}],"version-history":[{"count":2,"href":"https:\/\/www.morelguichard.com\/index.php\/wp-json\/wp\/v2\/pages\/177\/revisions"}],"predecessor-version":[{"id":213,"href":"https:\/\/www.morelguichard.com\/index.php\/wp-json\/wp\/v2\/pages\/177\/revisions\/213"}],"wp:attachment":[{"href":"https:\/\/www.morelguichard.com\/index.php\/wp-json\/wp\/v2\/media?parent=177"}],"curies":[{"name":"wp","href":"https:\/\/api.w.org\/{rel}","templated":true}]}}